{"id":1149,"date":"2022-03-02T21:08:38","date_gmt":"2022-03-02T21:08:38","guid":{"rendered":"https:\/\/tecnoactive.cl\/wordpress\/?page_id=1149"},"modified":"2022-09-20T19:45:26","modified_gmt":"2022-09-20T19:45:26","slug":"pendones-totem-y-poster-digitales","status":"publish","type":"page","link":"https:\/\/tecnoactive.cl\/CarteleriaDigital\/pendones-totem-y-poster-digitales\/","title":{"rendered":"Pendones, T\u00f3tem Y P\u00f3ster Digitales"},"content":{"rendered":"\t\t<div data-elementor-type=\"wp-page\" data-elementor-id=\"1149\" class=\"elementor elementor-1149\">\n\t\t\t\t\t\t\t\t\t<section class=\"elementor-section elementor-top-section elementor-element elementor-element-f91c5cf elementor-section-boxed elementor-section-height-default elementor-section-height-default\" data-id=\"f91c5cf\" data-element_type=\"section\">\n\t\t\t\t\t\t<div class=\"elementor-container elementor-column-gap-default\">\n\t\t\t\t\t<div class=\"elementor-column elementor-col-100 elementor-top-column elementor-element elementor-element-cd3bbd1\" data-id=\"cd3bbd1\" data-element_type=\"column\">\n\t\t\t<div class=\"elementor-widget-wrap elementor-element-populated\">\n\t\t\t\t\t\t\t\t<div class=\"elementor-element elementor-element-b034562 elementor-widget elementor-widget-heading\" data-id=\"b034562\" data-element_type=\"widget\" data-widget_type=\"heading.default\">\n\t\t\t\t<div class=\"elementor-widget-container\">\n\t\t\t<style>\/*! elementor - v3.6.2 - 04-04-2022 *\/\n.elementor-heading-title{padding:0;margin:0;line-height:1}.elementor-widget-heading .elementor-heading-title[class*=elementor-size-]>a{color:inherit;font-size:inherit;line-height:inherit}.elementor-widget-heading .elementor-heading-title.elementor-size-small{font-size:15px}.elementor-widget-heading .elementor-heading-title.elementor-size-medium{font-size:19px}.elementor-widget-heading .elementor-heading-title.elementor-size-large{font-size:29px}.elementor-widget-heading .elementor-heading-title.elementor-size-xl{font-size:39px}.elementor-widget-heading .elementor-heading-title.elementor-size-xxl{font-size:59px}<\/style><h1 class=\"elementor-heading-title elementor-size-default\">Pendones y Poster Digitales<\/h1>\t\t<\/div>\n\t\t\t\t<\/div>\n\t\t\t\t\t<\/div>\n\t\t<\/div>\n\t\t\t\t\t\t\t<\/div>\n\t\t<\/section>\n\t\t\t\t<section class=\"elementor-section elementor-top-section elementor-element elementor-element-cb4434e elementor-section-boxed elementor-section-height-default elementor-section-height-default\" data-id=\"cb4434e\" data-element_type=\"section\">\n\t\t\t\t\t\t<div class=\"elementor-container elementor-column-gap-default\">\n\t\t\t\t\t<div class=\"elementor-column elementor-col-100 elementor-top-column elementor-element elementor-element-c9bc8f0\" data-id=\"c9bc8f0\" data-element_type=\"column\">\n\t\t\t<div class=\"elementor-widget-wrap elementor-element-populated\">\n\t\t\t\t\t\t\t\t<div class=\"elementor-element elementor-element-8f24dd6 elementor-widget elementor-widget-image\" data-id=\"8f24dd6\" data-element_type=\"widget\" data-widget_type=\"image.default\">\n\t\t\t\t<div class=\"elementor-widget-container\">\n\t\t\t<style>\/*! elementor - v3.6.2 - 04-04-2022 *\/\n.elementor-widget-image{text-align:center}.elementor-widget-image a{display:inline-block}.elementor-widget-image a img[src$=\".svg\"]{width:48px}.elementor-widget-image img{vertical-align:middle;display:inline-block}<\/style>\t\t\t\t\t\t\t\t\t\t\t\t<img loading=\"lazy\" decoding=\"async\" width=\"436\" height=\"350\" src=\"https:\/\/tecnoactive.cl\/CarteleriaDigital\/wp-content\/uploads\/2022\/03\/desarrollo.gif\" class=\"attachment-large size-large\" alt=\"Pend\u00f3n Digital y Poster Digital\" \/>\t\t\t\t\t\t\t\t\t\t\t\t\t\t\t<\/div>\n\t\t\t\t<\/div>\n\t\t\t\t\t<\/div>\n\t\t<\/div>\n\t\t\t\t\t\t\t<\/div>\n\t\t<\/section>\n\t\t\t\t<section class=\"elementor-section elementor-top-section elementor-element elementor-element-ef6802f elementor-section-boxed elementor-section-height-default elementor-section-height-default\" data-id=\"ef6802f\" data-element_type=\"section\">\n\t\t\t\t\t\t<div class=\"elementor-container elementor-column-gap-default\">\n\t\t\t\t\t<div class=\"elementor-column elementor-col-100 elementor-top-column elementor-element elementor-element-466dd9d\" data-id=\"466dd9d\" data-element_type=\"column\">\n\t\t\t<div class=\"elementor-widget-wrap elementor-element-populated\">\n\t\t\t\t\t\t\t\t<div class=\"elementor-element elementor-element-4cb6339 elementor-widget elementor-widget-text-editor\" data-id=\"4cb6339\" data-element_type=\"widget\" data-widget_type=\"text-editor.default\">\n\t\t\t\t<div class=\"elementor-widget-container\">\n\t\t\t<style>\/*! elementor - v3.6.2 - 04-04-2022 *\/\n.elementor-widget-text-editor.elementor-drop-cap-view-stacked .elementor-drop-cap{background-color:#818a91;color:#fff}.elementor-widget-text-editor.elementor-drop-cap-view-framed .elementor-drop-cap{color:#818a91;border:3px solid;background-color:transparent}.elementor-widget-text-editor:not(.elementor-drop-cap-view-default) .elementor-drop-cap{margin-top:8px}.elementor-widget-text-editor:not(.elementor-drop-cap-view-default) .elementor-drop-cap-letter{width:1em;height:1em}.elementor-widget-text-editor .elementor-drop-cap{float:left;text-align:center;line-height:1;font-size:50px}.elementor-widget-text-editor .elementor-drop-cap-letter{display:inline-block}<\/style>\t\t\t\t<p>Los t\u00f3tem y pendones digitales est\u00e1n dise\u00f1ados para captar la atenci\u00f3n de clientes de manera m\u00e1s efectiva, gracias al dinamismo del contenido en pantalla y la entrega de informaci\u00f3n de manera interactiva. Genera mayores niveles de atenci\u00f3n y retenci\u00f3n por parte del p\u00fablico.<\/p><p>Adem\u00e1s, destacan por la flexibilidad de instalaci\u00f3n que ofrecen los pendones digitales, los que pueden utilizarse por separado o en conjunto, linkeando entre 2 y 10 pantallas para formar un \u201cVideo Wall\u201d seg\u00fan las medidas deseadas.<\/p><p>Ofrecen tambi\u00e9n la posibilidad de instalarlos de pie, o fijos en una pared, ya sea de manera sim\u00e9trica o asim\u00e9trica.<\/p>\t\t\t\t\t\t<\/div>\n\t\t\t\t<\/div>\n\t\t\t\t\t<\/div>\n\t\t<\/div>\n\t\t\t\t\t\t\t<\/div>\n\t\t<\/section>\n\t\t\t\t<section class=\"elementor-section elementor-top-section elementor-element elementor-element-9ffbe42 elementor-section-boxed elementor-section-height-default elementor-section-height-default\" data-id=\"9ffbe42\" data-element_type=\"section\">\n\t\t\t\t\t\t<div class=\"elementor-container elementor-column-gap-default\">\n\t\t\t\t\t<div class=\"elementor-column elementor-col-100 elementor-top-column elementor-element elementor-element-9080f68\" data-id=\"9080f68\" data-element_type=\"column\">\n\t\t\t<div class=\"elementor-widget-wrap elementor-element-populated\">\n\t\t\t\t\t\t\t\t<div class=\"elementor-element elementor-element-cc05ebb elementor-widget elementor-widget-image\" data-id=\"cc05ebb\" data-element_type=\"widget\" data-widget_type=\"image.default\">\n\t\t\t\t<div class=\"elementor-widget-container\">\n\t\t\t\t\t\t\t\t\t\t\t\t\t\t\t<img loading=\"lazy\" decoding=\"async\" width=\"787\" height=\"774\" src=\"https:\/\/tecnoactive.cl\/CarteleriaDigital\/wp-content\/uploads\/2022\/03\/Pendon-Digital-demo.jpg\" class=\"attachment-large size-large\" alt=\"Pend\u00f3n Digital\" srcset=\"https:\/\/tecnoactive.cl\/CarteleriaDigital\/wp-content\/uploads\/2022\/03\/Pendon-Digital-demo.jpg 787w, https:\/\/tecnoactive.cl\/CarteleriaDigital\/wp-content\/uploads\/2022\/03\/Pendon-Digital-demo-300x295.jpg 300w, https:\/\/tecnoactive.cl\/CarteleriaDigital\/wp-content\/uploads\/2022\/03\/Pendon-Digital-demo-768x755.jpg 768w, https:\/\/tecnoactive.cl\/CarteleriaDigital\/wp-content\/uploads\/2022\/03\/Pendon-Digital-demo-230x226.jpg 230w, https:\/\/tecnoactive.cl\/CarteleriaDigital\/wp-content\/uploads\/2022\/03\/Pendon-Digital-demo-350x344.jpg 350w, https:\/\/tecnoactive.cl\/CarteleriaDigital\/wp-content\/uploads\/2022\/03\/Pendon-Digital-demo-480x472.jpg 480w\" sizes=\"auto, (max-width: 787px) 100vw, 787px\" \/>\t\t\t\t\t\t\t\t\t\t\t\t\t\t\t<\/div>\n\t\t\t\t<\/div>\n\t\t\t\t\t<\/div>\n\t\t<\/div>\n\t\t\t\t\t\t\t<\/div>\n\t\t<\/section>\n\t\t\t\t<section class=\"elementor-section elementor-top-section elementor-element elementor-element-0a3c9a5 elementor-section-boxed elementor-section-height-default elementor-section-height-default\" data-id=\"0a3c9a5\" data-element_type=\"section\">\n\t\t\t\t\t\t<div class=\"elementor-container elementor-column-gap-default\">\n\t\t\t\t\t<div class=\"elementor-column elementor-col-100 elementor-top-column elementor-element elementor-element-80d6a25\" data-id=\"80d6a25\" data-element_type=\"column\">\n\t\t\t<div class=\"elementor-widget-wrap elementor-element-populated\">\n\t\t\t\t\t\t\t\t<div class=\"elementor-element elementor-element-0f0b4f8 elementor-widget elementor-widget-heading\" data-id=\"0f0b4f8\" data-element_type=\"widget\" data-widget_type=\"heading.default\">\n\t\t\t\t<div class=\"elementor-widget-container\">\n\t\t\t<h1 class=\"elementor-heading-title elementor-size-default\">T\u00f3tem<\/h1>\t\t<\/div>\n\t\t\t\t<\/div>\n\t\t\t\t\t<\/div>\n\t\t<\/div>\n\t\t\t\t\t\t\t<\/div>\n\t\t<\/section>\n\t\t\t\t<section class=\"elementor-section elementor-top-section elementor-element elementor-element-56682fd elementor-section-boxed elementor-section-height-default elementor-section-height-default\" data-id=\"56682fd\" data-element_type=\"section\">\n\t\t\t\t\t\t<div class=\"elementor-container elementor-column-gap-default\">\n\t\t\t\t\t<div class=\"elementor-column elementor-col-100 elementor-top-column elementor-element elementor-element-9b79157\" data-id=\"9b79157\" data-element_type=\"column\">\n\t\t\t<div class=\"elementor-widget-wrap elementor-element-populated\">\n\t\t\t\t\t\t\t\t<div class=\"elementor-element elementor-element-decca42 elementor-widget elementor-widget-image\" data-id=\"decca42\" data-element_type=\"widget\" data-widget_type=\"image.default\">\n\t\t\t\t<div class=\"elementor-widget-container\">\n\t\t\t\t\t\t\t\t\t\t\t\t\t\t\t<img loading=\"lazy\" decoding=\"async\" width=\"322\" height=\"282\" src=\"https:\/\/tecnoactive.cl\/CarteleriaDigital\/wp-content\/uploads\/2022\/03\/TOTEM.gif\" class=\"attachment-large size-large\" alt=\"Totem\" \/>\t\t\t\t\t\t\t\t\t\t\t\t\t\t\t<\/div>\n\t\t\t\t<\/div>\n\t\t\t\t\t<\/div>\n\t\t<\/div>\n\t\t\t\t\t\t\t<\/div>\n\t\t<\/section>\n\t\t\t\t<section class=\"elementor-section elementor-top-section elementor-element elementor-element-b8e8b20 elementor-section-boxed elementor-section-height-default elementor-section-height-default\" data-id=\"b8e8b20\" data-element_type=\"section\" data-settings=\"{&quot;background_background&quot;:&quot;classic&quot;}\">\n\t\t\t\t\t\t<div class=\"elementor-container elementor-column-gap-default\">\n\t\t\t\t\t<div class=\"elementor-column elementor-col-100 elementor-top-column elementor-element elementor-element-46721c2\" data-id=\"46721c2\" data-element_type=\"column\">\n\t\t\t<div class=\"elementor-widget-wrap elementor-element-populated\">\n\t\t\t\t\t\t\t\t<section class=\"elementor-section elementor-inner-section elementor-element elementor-element-ed48ce4 elementor-section-boxed elementor-section-height-default elementor-section-height-default\" data-id=\"ed48ce4\" data-element_type=\"section\">\n\t\t\t\t\t\t<div class=\"elementor-container elementor-column-gap-default\">\n\t\t\t\t\t<div class=\"elementor-column elementor-col-100 elementor-inner-column elementor-element elementor-element-b461fba\" data-id=\"b461fba\" data-element_type=\"column\">\n\t\t\t<div class=\"elementor-widget-wrap elementor-element-populated\">\n\t\t\t\t\t\t\t\t<div class=\"elementor-element elementor-element-7327326 elementor-widget elementor-widget-heading\" data-id=\"7327326\" data-element_type=\"widget\" data-widget_type=\"heading.default\">\n\t\t\t\t<div class=\"elementor-widget-container\">\n\t\t\t<h2 class=\"elementor-heading-title elementor-size-default\">Formulario<\/h2>\t\t<\/div>\n\t\t\t\t<\/div>\n\t\t\t\t\t<\/div>\n\t\t<\/div>\n\t\t\t\t\t\t\t<\/div>\n\t\t<\/section>\n\t\t\t\t<div class=\"elementor-element elementor-element-8adff11 elementor-widget elementor-widget-shortcode\" data-id=\"8adff11\" data-element_type=\"widget\" data-widget_type=\"shortcode.default\">\n\t\t\t\t<div class=\"elementor-widget-container\">\n\t\t\t\t\t<div class=\"elementor-shortcode\"><div class=\"wpforms-container wpforms-container-full\" id=\"wpforms-1903\"><form id=\"wpforms-form-1903\" class=\"wpforms-validate wpforms-form wpforms-ajax-form\" data-formid=\"1903\" method=\"post\" enctype=\"multipart\/form-data\" action=\"\/CarteleriaDigital\/wp-json\/wp\/v2\/pages\/1149\" data-token=\"a70bc4d1245a5c51b56c626644af7739\"><noscript class=\"wpforms-error-noscript\">Por favor, activa JavaScript en tu navegador para completar este formulario.<\/noscript><div class=\"wpforms-field-container\"><div id=\"wpforms-1903-field_0-container\" class=\"wpforms-field wpforms-field-name\" data-field-id=\"0\"><label class=\"wpforms-field-label\" for=\"wpforms-1903-field_0\">Nombre <span class=\"wpforms-required-label\">*<\/span><\/label><input type=\"text\" id=\"wpforms-1903-field_0\" class=\"wpforms-field-medium wpforms-field-required\" name=\"wpforms[fields][0]\" required><\/div><div id=\"wpforms-1903-field_1-container\" class=\"wpforms-field wpforms-field-email\" data-field-id=\"1\"><label class=\"wpforms-field-label\" for=\"wpforms-1903-field_1\">Email <span class=\"wpforms-required-label\">*<\/span><\/label><input type=\"email\" id=\"wpforms-1903-field_1\" class=\"wpforms-field-medium wpforms-field-required\" name=\"wpforms[fields][1]\" required><\/div><div id=\"wpforms-1903-field_4-container\" class=\"wpforms-field wpforms-field-text\" data-field-id=\"4\"><label class=\"wpforms-field-label\" for=\"wpforms-1903-field_4\">Tel\u00e9fono <span class=\"wpforms-required-label\">*<\/span><\/label><input type=\"text\" id=\"wpforms-1903-field_4\" class=\"wpforms-field-medium wpforms-field-required\" name=\"wpforms[fields][4]\" required><\/div><div id=\"wpforms-1903-field_2-container\" class=\"wpforms-field wpforms-field-textarea\" data-field-id=\"2\"><label class=\"wpforms-field-label\" for=\"wpforms-1903-field_2\">Comentario <span class=\"wpforms-required-label\">*<\/span><\/label><textarea id=\"wpforms-1903-field_2\" class=\"wpforms-field-medium wpforms-field-required\" name=\"wpforms[fields][2]\" required><\/textarea><\/div><\/div><div class=\"wpforms-recaptcha-container wpforms-is-recaptcha\"><div class=\"g-recaptcha\" data-sitekey=\"6LfqOLEiAAAAAH0Dimv6kXP8hpcstSiUzj48VT_M\"><\/div><input type=\"text\" name=\"g-recaptcha-hidden\" class=\"wpforms-recaptcha-hidden\" style=\"position:absolute!important;clip:rect(0,0,0,0)!important;height:1px!important;width:1px!important;border:0!important;overflow:hidden!important;padding:0!important;margin:0!important;\" required><\/div><div class=\"wpforms-submit-container\"><input type=\"hidden\" name=\"wpforms[id]\" value=\"1903\"><input type=\"hidden\" name=\"wpforms[author]\" value=\"1\"><button type=\"submit\" name=\"wpforms[submit]\" id=\"wpforms-submit-1903\" class=\"wpforms-submit\" data-alt-text=\"Enviando...\" data-submit-text=\"Enviar\" aria-live=\"assertive\" value=\"wpforms-submit\">Enviar<\/button><img loading=\"lazy\" decoding=\"async\" src=\"https:\/\/tecnoactive.cl\/CarteleriaDigital\/wp-content\/plugins\/wpforms-lite\/assets\/images\/submit-spin.svg\" class=\"wpforms-submit-spinner\" style=\"display: none;\" width=\"26\" height=\"26\" alt=\"\"><\/div><\/form><\/div>  <!-- .wpforms-container --><\/div>\n\t\t\t\t<\/div>\n\t\t\t\t<\/div>\n\t\t\t\t\t<\/div>\n\t\t<\/div>\n\t\t\t\t\t\t\t<\/div>\n\t\t<\/section>\n\t\t\t\t\t\t\t<\/div>\n\t\t","protected":false},"excerpt":{"rendered":"<p>Pendones y Poster Digitales Los t\u00f3tem y pendones digitales est\u00e1n dise\u00f1ados para captar la atenci\u00f3n de clientes de manera m\u00e1s efectiva, gracias al dinamismo del [&hellip;]<\/p>\n","protected":false},"author":1,"featured_media":0,"parent":0,"menu_order":0,"comment_status":"closed","ping_status":"closed","template":"page-templates\/page_front-page.php","meta":{"footnotes":""},"class_list":["post-1149","page","type-page","status-publish","hentry"],"yoast_head":"<!-- This site is optimized with the Yoast SEO plugin v19.7.1 - https:\/\/yoast.com\/wordpress\/plugins\/seo\/ -->\n<title>Pendones, T\u00f3tem Y P\u00f3ster Digitales<\/title>\n<meta name=\"description\" content=\"T\u00f3tem y pendones digitales para captar la atenci\u00f3n de clientes de manera m\u00e1s efectiva, con dinamismo y informaci\u00f3n de manera interactiva.\" \/>\n<meta name=\"robots\" content=\"index, follow, max-snippet:-1, max-image-preview:large, max-video-preview:-1\" \/>\n<link rel=\"canonical\" href=\"https:\/\/tecnoactive.cl\/CarteleriaDigital\/pendones-totem-y-poster-digitales\/\" \/>\n<meta property=\"og:locale\" content=\"es_ES\" \/>\n<meta property=\"og:type\" content=\"article\" \/>\n<meta property=\"og:title\" content=\"Pendones, t\u00f3tems y poster digitales\" \/>\n<meta property=\"og:description\" content=\"T\u00f3tem y pendones digitales para captar la atenci\u00f3n de clientes de manera m\u00e1s efectiva, con dinamismo y informaci\u00f3n de manera interactiva.\" \/>\n<meta property=\"og:url\" content=\"https:\/\/tecnoactive.cl\/CarteleriaDigital\/pendones-totem-y-poster-digitales\/\" \/>\n<meta property=\"og:site_name\" content=\"Te transportamos a la era digital\" \/>\n<meta property=\"article:publisher\" content=\"https:\/\/www.facebook.com\/tecnoactive\/\" \/>\n<meta property=\"article:modified_time\" content=\"2022-09-20T19:45:26+00:00\" \/>\n<meta property=\"og:image\" content=\"https:\/\/tecnoactive.cl\/CarteleriaDigital\/wp-content\/uploads\/2022\/03\/Pendon-Digital-demo.jpg\" \/>\n\t<meta property=\"og:image:width\" content=\"787\" \/>\n\t<meta property=\"og:image:height\" content=\"774\" \/>\n\t<meta property=\"og:image:type\" content=\"image\/jpeg\" \/>\n<meta name=\"twitter:card\" content=\"summary_large_image\" \/>\n<meta name=\"twitter:label1\" content=\"Tiempo de lectura\" \/>\n\t<meta name=\"twitter:data1\" content=\"2 minutos\" \/>\n<script type=\"application\/ld+json\" class=\"yoast-schema-graph\">{\"@context\":\"https:\/\/schema.org\",\"@graph\":[{\"@type\":\"WebPage\",\"@id\":\"https:\/\/tecnoactive.cl\/CarteleriaDigital\/pendones-totem-y-poster-digitales\/\",\"url\":\"https:\/\/tecnoactive.cl\/CarteleriaDigital\/pendones-totem-y-poster-digitales\/\",\"name\":\"Pendones, T\u00f3tem Y P\u00f3ster Digitales\",\"isPartOf\":{\"@id\":\"https:\/\/tecnoactive.cl\/CarteleriaDigital\/#website\"},\"datePublished\":\"2022-03-02T21:08:38+00:00\",\"dateModified\":\"2022-09-20T19:45:26+00:00\",\"description\":\"T\u00f3tem y pendones digitales para captar la atenci\u00f3n de clientes de manera m\u00e1s efectiva, con dinamismo y informaci\u00f3n de manera interactiva.\",\"breadcrumb\":{\"@id\":\"https:\/\/tecnoactive.cl\/CarteleriaDigital\/pendones-totem-y-poster-digitales\/#breadcrumb\"},\"inLanguage\":\"es\",\"potentialAction\":[{\"@type\":\"ReadAction\",\"target\":[\"https:\/\/tecnoactive.cl\/CarteleriaDigital\/pendones-totem-y-poster-digitales\/\"]}]},{\"@type\":\"BreadcrumbList\",\"@id\":\"https:\/\/tecnoactive.cl\/CarteleriaDigital\/pendones-totem-y-poster-digitales\/#breadcrumb\",\"itemListElement\":[{\"@type\":\"ListItem\",\"position\":1,\"name\":\"Home\",\"item\":\"https:\/\/tecnoactive.cl\/CarteleriaDigital\/\"},{\"@type\":\"ListItem\",\"position\":2,\"name\":\"Pendones, T\u00f3tem Y P\u00f3ster Digitales\"}]},{\"@type\":\"WebSite\",\"@id\":\"https:\/\/tecnoactive.cl\/CarteleriaDigital\/#website\",\"url\":\"https:\/\/tecnoactive.cl\/CarteleriaDigital\/\",\"name\":\"Te transportamos a la era digital\",\"description\":\"Soluciones integrales Digitales con diversas tecnolog\u00edas en pantallas led, proyectores, paneles t\u00e1ctiles, video wall,  t\u00f3tems o mobile mockup.  A trav\u00e9s de Carteler\u00eda Digital, Diario Mural Corporativo Digital, Marketing Interactivo.\",\"publisher\":{\"@id\":\"https:\/\/tecnoactive.cl\/CarteleriaDigital\/#organization\"},\"potentialAction\":[{\"@type\":\"SearchAction\",\"target\":{\"@type\":\"EntryPoint\",\"urlTemplate\":\"https:\/\/tecnoactive.cl\/CarteleriaDigital\/?s={search_term_string}\"},\"query-input\":\"required name=search_term_string\"}],\"inLanguage\":\"es\"},{\"@type\":\"Organization\",\"@id\":\"https:\/\/tecnoactive.cl\/CarteleriaDigital\/#organization\",\"name\":\"Tecnoactive\",\"url\":\"https:\/\/tecnoactive.cl\/CarteleriaDigital\/\",\"sameAs\":[\"https:\/\/www.instagram.com\/tecnoactive_digital\/?utm_medium=copy_link\",\"https:\/\/www.linkedin.com\/company\/34222828\/admin\/\",\"https:\/\/www.youtube.com\/channel\/UCsrJ1X2Zi0Okt41FpgtkuzQ\",\"https:\/\/www.facebook.com\/tecnoactive\/\"],\"logo\":{\"@type\":\"ImageObject\",\"inLanguage\":\"es\",\"@id\":\"https:\/\/tecnoactive.cl\/CarteleriaDigital\/#\/schema\/logo\/image\/\",\"url\":\"https:\/\/tecnoactive.cl\/wordpress\/wp-content\/uploads\/2022\/02\/cropped-LOGO_color-FULL.png\",\"contentUrl\":\"https:\/\/tecnoactive.cl\/wordpress\/wp-content\/uploads\/2022\/02\/cropped-LOGO_color-FULL.png\",\"width\":1471,\"height\":260,\"caption\":\"Tecnoactive\"},\"image\":{\"@id\":\"https:\/\/tecnoactive.cl\/CarteleriaDigital\/#\/schema\/logo\/image\/\"}}]}<\/script>\n<!-- \/ Yoast SEO plugin. -->","yoast_head_json":{"title":"Pendones, T\u00f3tem Y P\u00f3ster Digitales","description":"T\u00f3tem y pendones digitales para captar la atenci\u00f3n de clientes de manera m\u00e1s efectiva, con dinamismo y informaci\u00f3n de manera interactiva.","robots":{"index":"index","follow":"follow","max-snippet":"max-snippet:-1","max-image-preview":"max-image-preview:large","max-video-preview":"max-video-preview:-1"},"canonical":"https:\/\/tecnoactive.cl\/CarteleriaDigital\/pendones-totem-y-poster-digitales\/","og_locale":"es_ES","og_type":"article","og_title":"Pendones, t\u00f3tems y poster digitales","og_description":"T\u00f3tem y pendones digitales para captar la atenci\u00f3n de clientes de manera m\u00e1s efectiva, con dinamismo y informaci\u00f3n de manera interactiva.","og_url":"https:\/\/tecnoactive.cl\/CarteleriaDigital\/pendones-totem-y-poster-digitales\/","og_site_name":"Te transportamos a la era digital","article_publisher":"https:\/\/www.facebook.com\/tecnoactive\/","article_modified_time":"2022-09-20T19:45:26+00:00","og_image":[{"width":787,"height":774,"url":"https:\/\/tecnoactive.cl\/CarteleriaDigital\/wp-content\/uploads\/2022\/03\/Pendon-Digital-demo.jpg","type":"image\/jpeg"}],"twitter_card":"summary_large_image","twitter_misc":{"Tiempo de lectura":"2 minutos"},"schema":{"@context":"https:\/\/schema.org","@graph":[{"@type":"WebPage","@id":"https:\/\/tecnoactive.cl\/CarteleriaDigital\/pendones-totem-y-poster-digitales\/","url":"https:\/\/tecnoactive.cl\/CarteleriaDigital\/pendones-totem-y-poster-digitales\/","name":"Pendones, T\u00f3tem Y P\u00f3ster Digitales","isPartOf":{"@id":"https:\/\/tecnoactive.cl\/CarteleriaDigital\/#website"},"datePublished":"2022-03-02T21:08:38+00:00","dateModified":"2022-09-20T19:45:26+00:00","description":"T\u00f3tem y pendones digitales para captar la atenci\u00f3n de clientes de manera m\u00e1s efectiva, con dinamismo y informaci\u00f3n de manera interactiva.","breadcrumb":{"@id":"https:\/\/tecnoactive.cl\/CarteleriaDigital\/pendones-totem-y-poster-digitales\/#breadcrumb"},"inLanguage":"es","potentialAction":[{"@type":"ReadAction","target":["https:\/\/tecnoactive.cl\/CarteleriaDigital\/pendones-totem-y-poster-digitales\/"]}]},{"@type":"BreadcrumbList","@id":"https:\/\/tecnoactive.cl\/CarteleriaDigital\/pendones-totem-y-poster-digitales\/#breadcrumb","itemListElement":[{"@type":"ListItem","position":1,"name":"Home","item":"https:\/\/tecnoactive.cl\/CarteleriaDigital\/"},{"@type":"ListItem","position":2,"name":"Pendones, T\u00f3tem Y P\u00f3ster Digitales"}]},{"@type":"WebSite","@id":"https:\/\/tecnoactive.cl\/CarteleriaDigital\/#website","url":"https:\/\/tecnoactive.cl\/CarteleriaDigital\/","name":"Te transportamos a la era digital","description":"Soluciones integrales Digitales con diversas tecnolog\u00edas en pantallas led, proyectores, paneles t\u00e1ctiles, video wall,  t\u00f3tems o mobile mockup.  A trav\u00e9s de Carteler\u00eda Digital, Diario Mural Corporativo Digital, Marketing Interactivo.","publisher":{"@id":"https:\/\/tecnoactive.cl\/CarteleriaDigital\/#organization"},"potentialAction":[{"@type":"SearchAction","target":{"@type":"EntryPoint","urlTemplate":"https:\/\/tecnoactive.cl\/CarteleriaDigital\/?s={search_term_string}"},"query-input":"required name=search_term_string"}],"inLanguage":"es"},{"@type":"Organization","@id":"https:\/\/tecnoactive.cl\/CarteleriaDigital\/#organization","name":"Tecnoactive","url":"https:\/\/tecnoactive.cl\/CarteleriaDigital\/","sameAs":["https:\/\/www.instagram.com\/tecnoactive_digital\/?utm_medium=copy_link","https:\/\/www.linkedin.com\/company\/34222828\/admin\/","https:\/\/www.youtube.com\/channel\/UCsrJ1X2Zi0Okt41FpgtkuzQ","https:\/\/www.facebook.com\/tecnoactive\/"],"logo":{"@type":"ImageObject","inLanguage":"es","@id":"https:\/\/tecnoactive.cl\/CarteleriaDigital\/#\/schema\/logo\/image\/","url":"https:\/\/tecnoactive.cl\/wordpress\/wp-content\/uploads\/2022\/02\/cropped-LOGO_color-FULL.png","contentUrl":"https:\/\/tecnoactive.cl\/wordpress\/wp-content\/uploads\/2022\/02\/cropped-LOGO_color-FULL.png","width":1471,"height":260,"caption":"Tecnoactive"},"image":{"@id":"https:\/\/tecnoactive.cl\/CarteleriaDigital\/#\/schema\/logo\/image\/"}}]}},"_links":{"self":[{"href":"https:\/\/tecnoactive.cl\/CarteleriaDigital\/wp-json\/wp\/v2\/pages\/1149","targetHints":{"allow":["GET"]}}],"collection":[{"href":"https:\/\/tecnoactive.cl\/CarteleriaDigital\/wp-json\/wp\/v2\/pages"}],"about":[{"href":"https:\/\/tecnoactive.cl\/CarteleriaDigital\/wp-json\/wp\/v2\/types\/page"}],"author":[{"embeddable":true,"href":"https:\/\/tecnoactive.cl\/CarteleriaDigital\/wp-json\/wp\/v2\/users\/1"}],"replies":[{"embeddable":true,"href":"https:\/\/tecnoactive.cl\/CarteleriaDigital\/wp-json\/wp\/v2\/comments?post=1149"}],"version-history":[{"count":46,"href":"https:\/\/tecnoactive.cl\/CarteleriaDigital\/wp-json\/wp\/v2\/pages\/1149\/revisions"}],"predecessor-version":[{"id":2397,"href":"https:\/\/tecnoactive.cl\/CarteleriaDigital\/wp-json\/wp\/v2\/pages\/1149\/revisions\/2397"}],"wp:attachment":[{"href":"https:\/\/tecnoactive.cl\/CarteleriaDigital\/wp-json\/wp\/v2\/media?parent=1149"}],"curies":[{"name":"wp","href":"https:\/\/api.w.org\/{rel}","templated":true}]}}