{"id":1168,"date":"2022-03-02T21:32:48","date_gmt":"2022-03-02T21:32:48","guid":{"rendered":"https:\/\/tecnoactive.cl\/wordpress\/?page_id=1168"},"modified":"2022-09-20T19:44:21","modified_gmt":"2022-09-20T19:44:21","slug":"video-wall","status":"publish","type":"page","link":"https:\/\/tecnoactive.cl\/CarteleriaDigital\/video-wall\/","title":{"rendered":"Video Wall"},"content":{"rendered":"\t\t<div data-elementor-type=\"wp-page\" data-elementor-id=\"1168\" class=\"elementor elementor-1168\">\n\t\t\t\t\t\t\t\t\t<section class=\"elementor-section elementor-top-section elementor-element elementor-element-b17aa16 elementor-section-boxed elementor-section-height-default elementor-section-height-default\" data-id=\"b17aa16\" data-element_type=\"section\">\n\t\t\t\t\t\t<div class=\"elementor-container elementor-column-gap-default\">\n\t\t\t\t\t<div class=\"elementor-column elementor-col-100 elementor-top-column elementor-element elementor-element-69f3304\" data-id=\"69f3304\" data-element_type=\"column\">\n\t\t\t<div class=\"elementor-widget-wrap elementor-element-populated\">\n\t\t\t\t\t\t\t\t<div class=\"elementor-element elementor-element-925bbc1 elementor-widget elementor-widget-heading\" data-id=\"925bbc1\" data-element_type=\"widget\" data-widget_type=\"heading.default\">\n\t\t\t\t<div class=\"elementor-widget-container\">\n\t\t\t<style>\/*! elementor - v3.6.2 - 04-04-2022 *\/\n.elementor-heading-title{padding:0;margin:0;line-height:1}.elementor-widget-heading .elementor-heading-title[class*=elementor-size-]>a{color:inherit;font-size:inherit;line-height:inherit}.elementor-widget-heading .elementor-heading-title.elementor-size-small{font-size:15px}.elementor-widget-heading .elementor-heading-title.elementor-size-medium{font-size:19px}.elementor-widget-heading .elementor-heading-title.elementor-size-large{font-size:29px}.elementor-widget-heading .elementor-heading-title.elementor-size-xl{font-size:39px}.elementor-widget-heading .elementor-heading-title.elementor-size-xxl{font-size:59px}<\/style><h1 class=\"elementor-heading-title elementor-size-default\">Video Wall<\/h1>\t\t<\/div>\n\t\t\t\t<\/div>\n\t\t\t\t\t<\/div>\n\t\t<\/div>\n\t\t\t\t\t\t\t<\/div>\n\t\t<\/section>\n\t\t\t\t<section class=\"elementor-section elementor-top-section elementor-element elementor-element-57a1117 elementor-section-boxed elementor-section-height-default elementor-section-height-default\" data-id=\"57a1117\" data-element_type=\"section\">\n\t\t\t\t\t\t<div class=\"elementor-container elementor-column-gap-default\">\n\t\t\t\t\t<div class=\"elementor-column elementor-col-50 elementor-top-column elementor-element elementor-element-812b1c7\" data-id=\"812b1c7\" data-element_type=\"column\">\n\t\t\t<div class=\"elementor-widget-wrap elementor-element-populated\">\n\t\t\t\t\t\t\t\t<div class=\"elementor-element elementor-element-ecd4cc9 elementor-widget elementor-widget-image\" data-id=\"ecd4cc9\" data-element_type=\"widget\" data-widget_type=\"image.default\">\n\t\t\t\t<div class=\"elementor-widget-container\">\n\t\t\t<style>\/*! elementor - v3.6.2 - 04-04-2022 *\/\n.elementor-widget-image{text-align:center}.elementor-widget-image a{display:inline-block}.elementor-widget-image a img[src$=\".svg\"]{width:48px}.elementor-widget-image img{vertical-align:middle;display:inline-block}<\/style>\t\t\t\t\t\t\t\t\t\t\t\t<img loading=\"lazy\" decoding=\"async\" width=\"1024\" height=\"576\" src=\"https:\/\/tecnoactive.cl\/CarteleriaDigital\/wp-content\/uploads\/2022\/03\/CLC-2x2-1-1024x576.jpg\" class=\"attachment-large size-large\" alt=\"Video Wall\" srcset=\"https:\/\/tecnoactive.cl\/CarteleriaDigital\/wp-content\/uploads\/2022\/03\/CLC-2x2-1-1024x576.jpg 1024w, https:\/\/tecnoactive.cl\/CarteleriaDigital\/wp-content\/uploads\/2022\/03\/CLC-2x2-1-300x169.jpg 300w, https:\/\/tecnoactive.cl\/CarteleriaDigital\/wp-content\/uploads\/2022\/03\/CLC-2x2-1-768x432.jpg 768w, https:\/\/tecnoactive.cl\/CarteleriaDigital\/wp-content\/uploads\/2022\/03\/CLC-2x2-1-920x518.jpg 920w, https:\/\/tecnoactive.cl\/CarteleriaDigital\/wp-content\/uploads\/2022\/03\/CLC-2x2-1-230x129.jpg 230w, https:\/\/tecnoactive.cl\/CarteleriaDigital\/wp-content\/uploads\/2022\/03\/CLC-2x2-1-350x197.jpg 350w, https:\/\/tecnoactive.cl\/CarteleriaDigital\/wp-content\/uploads\/2022\/03\/CLC-2x2-1-480x270.jpg 480w, https:\/\/tecnoactive.cl\/CarteleriaDigital\/wp-content\/uploads\/2022\/03\/CLC-2x2-1.jpg 1280w\" sizes=\"auto, (max-width: 1024px) 100vw, 1024px\" \/>\t\t\t\t\t\t\t\t\t\t\t\t\t\t\t<\/div>\n\t\t\t\t<\/div>\n\t\t\t\t\t<\/div>\n\t\t<\/div>\n\t\t\t\t<div class=\"elementor-column elementor-col-50 elementor-top-column elementor-element elementor-element-4acaa33\" data-id=\"4acaa33\" data-element_type=\"column\">\n\t\t\t<div class=\"elementor-widget-wrap elementor-element-populated\">\n\t\t\t\t\t\t\t\t<div class=\"elementor-element elementor-element-ce3edd2 elementor-widget elementor-widget-image\" data-id=\"ce3edd2\" data-element_type=\"widget\" data-widget_type=\"image.default\">\n\t\t\t\t<div class=\"elementor-widget-container\">\n\t\t\t\t\t\t\t\t\t\t\t\t\t\t\t<img loading=\"lazy\" decoding=\"async\" width=\"1024\" height=\"576\" src=\"https:\/\/tecnoactive.cl\/CarteleriaDigital\/wp-content\/uploads\/2022\/03\/Indisa-3x1-1-1024x576.jpeg\" class=\"attachment-large size-large\" alt=\"Video Wall\" srcset=\"https:\/\/tecnoactive.cl\/CarteleriaDigital\/wp-content\/uploads\/2022\/03\/Indisa-3x1-1-1024x576.jpeg 1024w, https:\/\/tecnoactive.cl\/CarteleriaDigital\/wp-content\/uploads\/2022\/03\/Indisa-3x1-1-300x169.jpeg 300w, https:\/\/tecnoactive.cl\/CarteleriaDigital\/wp-content\/uploads\/2022\/03\/Indisa-3x1-1-768x432.jpeg 768w, https:\/\/tecnoactive.cl\/CarteleriaDigital\/wp-content\/uploads\/2022\/03\/Indisa-3x1-1-920x518.jpeg 920w, https:\/\/tecnoactive.cl\/CarteleriaDigital\/wp-content\/uploads\/2022\/03\/Indisa-3x1-1-230x129.jpeg 230w, https:\/\/tecnoactive.cl\/CarteleriaDigital\/wp-content\/uploads\/2022\/03\/Indisa-3x1-1-350x197.jpeg 350w, https:\/\/tecnoactive.cl\/CarteleriaDigital\/wp-content\/uploads\/2022\/03\/Indisa-3x1-1-480x270.jpeg 480w, https:\/\/tecnoactive.cl\/CarteleriaDigital\/wp-content\/uploads\/2022\/03\/Indisa-3x1-1.jpeg 1280w\" sizes=\"auto, (max-width: 1024px) 100vw, 1024px\" \/>\t\t\t\t\t\t\t\t\t\t\t\t\t\t\t<\/div>\n\t\t\t\t<\/div>\n\t\t\t\t\t<\/div>\n\t\t<\/div>\n\t\t\t\t\t\t\t<\/div>\n\t\t<\/section>\n\t\t\t\t<section class=\"elementor-section elementor-top-section elementor-element elementor-element-2355b89 elementor-section-boxed elementor-section-height-default elementor-section-height-default\" data-id=\"2355b89\" data-element_type=\"section\">\n\t\t\t\t\t\t<div class=\"elementor-container elementor-column-gap-default\">\n\t\t\t\t\t<div class=\"elementor-column elementor-col-100 elementor-top-column elementor-element elementor-element-86443d8\" data-id=\"86443d8\" data-element_type=\"column\">\n\t\t\t<div class=\"elementor-widget-wrap elementor-element-populated\">\n\t\t\t\t\t\t\t\t<div class=\"elementor-element elementor-element-59a827d elementor-widget elementor-widget-heading\" data-id=\"59a827d\" data-element_type=\"widget\" data-widget_type=\"heading.default\">\n\t\t\t\t<div class=\"elementor-widget-container\">\n\t\t\t<h2 class=\"elementor-heading-title elementor-size-default\">\u00bfQu\u00e9 es un video wall?<\/h2>\t\t<\/div>\n\t\t\t\t<\/div>\n\t\t\t\t\t<\/div>\n\t\t<\/div>\n\t\t\t\t\t\t\t<\/div>\n\t\t<\/section>\n\t\t\t\t<section class=\"elementor-section elementor-top-section elementor-element elementor-element-d9a29a3 elementor-section-boxed elementor-section-height-default elementor-section-height-default\" data-id=\"d9a29a3\" data-element_type=\"section\">\n\t\t\t\t\t\t<div class=\"elementor-container elementor-column-gap-default\">\n\t\t\t\t\t<div class=\"elementor-column elementor-col-100 elementor-top-column elementor-element elementor-element-7d5612f\" data-id=\"7d5612f\" data-element_type=\"column\">\n\t\t\t<div class=\"elementor-widget-wrap elementor-element-populated\">\n\t\t\t\t\t\t\t\t<div class=\"elementor-element elementor-element-ce56250 elementor-widget elementor-widget-text-editor\" data-id=\"ce56250\" data-element_type=\"widget\" data-widget_type=\"text-editor.default\">\n\t\t\t\t<div class=\"elementor-widget-container\">\n\t\t\t<style>\/*! elementor - v3.6.2 - 04-04-2022 *\/\n.elementor-widget-text-editor.elementor-drop-cap-view-stacked .elementor-drop-cap{background-color:#818a91;color:#fff}.elementor-widget-text-editor.elementor-drop-cap-view-framed .elementor-drop-cap{color:#818a91;border:3px solid;background-color:transparent}.elementor-widget-text-editor:not(.elementor-drop-cap-view-default) .elementor-drop-cap{margin-top:8px}.elementor-widget-text-editor:not(.elementor-drop-cap-view-default) .elementor-drop-cap-letter{width:1em;height:1em}.elementor-widget-text-editor .elementor-drop-cap{float:left;text-align:center;line-height:1;font-size:50px}.elementor-widget-text-editor .elementor-drop-cap-letter{display:inline-block}<\/style>\t\t\t\t<p>Un video wall, esta configuraci\u00f3n especial de pantallas o monitores profesionales que se sincronizan para mostrar contenido y simular una pantalla de gran tama\u00f1o, las cuales pueden ser instaladas de forma sim\u00e9tricas y asim\u00e9tricas.<\/p><p>Adem\u00e1s de estos sistemas formar parte de una red de video de distribuci\u00f3n de contenidos, facilitan la administraci\u00f3n y creaci\u00f3n de campa\u00f1as publicitarias en el punto de venta, generando mayores niveles de atenci\u00f3n y retenci\u00f3n por parte del p\u00fablico.<\/p>\t\t\t\t\t\t<\/div>\n\t\t\t\t<\/div>\n\t\t\t\t\t<\/div>\n\t\t<\/div>\n\t\t\t\t\t\t\t<\/div>\n\t\t<\/section>\n\t\t\t\t<section class=\"elementor-section elementor-top-section elementor-element elementor-element-f556db9 elementor-section-boxed elementor-section-height-default elementor-section-height-default\" data-id=\"f556db9\" data-element_type=\"section\" data-settings=\"{&quot;background_background&quot;:&quot;classic&quot;}\">\n\t\t\t\t\t\t<div class=\"elementor-container elementor-column-gap-default\">\n\t\t\t\t\t<div class=\"elementor-column elementor-col-100 elementor-top-column elementor-element elementor-element-fad0a84\" data-id=\"fad0a84\" data-element_type=\"column\">\n\t\t\t<div class=\"elementor-widget-wrap elementor-element-populated\">\n\t\t\t\t\t\t\t\t<section class=\"elementor-section elementor-inner-section elementor-element elementor-element-81ee9df elementor-section-boxed elementor-section-height-default elementor-section-height-default\" data-id=\"81ee9df\" data-element_type=\"section\">\n\t\t\t\t\t\t<div class=\"elementor-container elementor-column-gap-default\">\n\t\t\t\t\t<div class=\"elementor-column elementor-col-100 elementor-inner-column elementor-element elementor-element-98b5e06\" data-id=\"98b5e06\" data-element_type=\"column\">\n\t\t\t<div class=\"elementor-widget-wrap elementor-element-populated\">\n\t\t\t\t\t\t\t\t<div class=\"elementor-element elementor-element-088efd1 elementor-widget elementor-widget-heading\" data-id=\"088efd1\" data-element_type=\"widget\" data-widget_type=\"heading.default\">\n\t\t\t\t<div class=\"elementor-widget-container\">\n\t\t\t<h2 class=\"elementor-heading-title elementor-size-default\">Formulario<\/h2>\t\t<\/div>\n\t\t\t\t<\/div>\n\t\t\t\t\t<\/div>\n\t\t<\/div>\n\t\t\t\t\t\t\t<\/div>\n\t\t<\/section>\n\t\t\t\t<section class=\"elementor-section elementor-inner-section elementor-element elementor-element-6941114 elementor-section-boxed elementor-section-height-default elementor-section-height-default\" data-id=\"6941114\" data-element_type=\"section\">\n\t\t\t\t\t\t<div class=\"elementor-container elementor-column-gap-default\">\n\t\t\t\t\t<div class=\"elementor-column elementor-col-100 elementor-inner-column elementor-element elementor-element-2b06a40\" data-id=\"2b06a40\" data-element_type=\"column\">\n\t\t\t<div class=\"elementor-widget-wrap elementor-element-populated\">\n\t\t\t\t\t\t\t\t<div class=\"elementor-element elementor-element-8495688 elementor-widget elementor-widget-shortcode\" data-id=\"8495688\" data-element_type=\"widget\" data-widget_type=\"shortcode.default\">\n\t\t\t\t<div class=\"elementor-widget-container\">\n\t\t\t\t\t<div class=\"elementor-shortcode\"><div class=\"wpforms-container wpforms-container-full\" id=\"wpforms-1903\"><form id=\"wpforms-form-1903\" class=\"wpforms-validate wpforms-form wpforms-ajax-form\" data-formid=\"1903\" method=\"post\" enctype=\"multipart\/form-data\" action=\"\/CarteleriaDigital\/wp-json\/wp\/v2\/pages\/1168\" data-token=\"0edd7412175eb514f62c0fbe66d59f32\"><noscript class=\"wpforms-error-noscript\">Por favor, activa JavaScript en tu navegador para completar este formulario.<\/noscript><div class=\"wpforms-field-container\"><div id=\"wpforms-1903-field_0-container\" class=\"wpforms-field wpforms-field-name\" data-field-id=\"0\"><label class=\"wpforms-field-label\" for=\"wpforms-1903-field_0\">Nombre <span class=\"wpforms-required-label\">*<\/span><\/label><input type=\"text\" id=\"wpforms-1903-field_0\" class=\"wpforms-field-medium wpforms-field-required\" name=\"wpforms[fields][0]\" required><\/div><div id=\"wpforms-1903-field_1-container\" class=\"wpforms-field wpforms-field-email\" data-field-id=\"1\"><label class=\"wpforms-field-label\" for=\"wpforms-1903-field_1\">Email <span class=\"wpforms-required-label\">*<\/span><\/label><input type=\"email\" id=\"wpforms-1903-field_1\" class=\"wpforms-field-medium wpforms-field-required\" name=\"wpforms[fields][1]\" required><\/div><div id=\"wpforms-1903-field_4-container\" class=\"wpforms-field wpforms-field-text\" data-field-id=\"4\"><label class=\"wpforms-field-label\" for=\"wpforms-1903-field_4\">Tel\u00e9fono <span class=\"wpforms-required-label\">*<\/span><\/label><input type=\"text\" id=\"wpforms-1903-field_4\" class=\"wpforms-field-medium wpforms-field-required\" name=\"wpforms[fields][4]\" required><\/div><div id=\"wpforms-1903-field_2-container\" class=\"wpforms-field wpforms-field-textarea\" data-field-id=\"2\"><label class=\"wpforms-field-label\" for=\"wpforms-1903-field_2\">Comentario <span class=\"wpforms-required-label\">*<\/span><\/label><textarea id=\"wpforms-1903-field_2\" class=\"wpforms-field-medium wpforms-field-required\" name=\"wpforms[fields][2]\" required><\/textarea><\/div><\/div><div class=\"wpforms-recaptcha-container wpforms-is-recaptcha\"><div class=\"g-recaptcha\" data-sitekey=\"6LfqOLEiAAAAAH0Dimv6kXP8hpcstSiUzj48VT_M\"><\/div><input type=\"text\" name=\"g-recaptcha-hidden\" class=\"wpforms-recaptcha-hidden\" style=\"position:absolute!important;clip:rect(0,0,0,0)!important;height:1px!important;width:1px!important;border:0!important;overflow:hidden!important;padding:0!important;margin:0!important;\" required><\/div><div class=\"wpforms-submit-container\"><input type=\"hidden\" name=\"wpforms[id]\" value=\"1903\"><input type=\"hidden\" name=\"wpforms[author]\" value=\"1\"><button type=\"submit\" name=\"wpforms[submit]\" id=\"wpforms-submit-1903\" class=\"wpforms-submit\" data-alt-text=\"Enviando...\" data-submit-text=\"Enviar\" aria-live=\"assertive\" value=\"wpforms-submit\">Enviar<\/button><img loading=\"lazy\" decoding=\"async\" src=\"https:\/\/tecnoactive.cl\/CarteleriaDigital\/wp-content\/plugins\/wpforms-lite\/assets\/images\/submit-spin.svg\" class=\"wpforms-submit-spinner\" style=\"display: none;\" width=\"26\" height=\"26\" alt=\"\"><\/div><\/form><\/div>  <!-- .wpforms-container --><\/div>\n\t\t\t\t<\/div>\n\t\t\t\t<\/div>\n\t\t\t\t\t<\/div>\n\t\t<\/div>\n\t\t\t\t\t\t\t<\/div>\n\t\t<\/section>\n\t\t\t\t\t<\/div>\n\t\t<\/div>\n\t\t\t\t\t\t\t<\/div>\n\t\t<\/section>\n\t\t\t\t<section class=\"elementor-section elementor-top-section elementor-element elementor-element-85a4d3e elementor-section-boxed elementor-section-height-default elementor-section-height-default\" data-id=\"85a4d3e\" data-element_type=\"section\">\n\t\t\t\t\t\t<div class=\"elementor-container elementor-column-gap-default\">\n\t\t\t\t\t<div class=\"elementor-column elementor-col-100 elementor-top-column elementor-element elementor-element-8e32464\" data-id=\"8e32464\" data-element_type=\"column\">\n\t\t\t<div class=\"elementor-widget-wrap\">\n\t\t\t\t\t\t\t\t\t<\/div>\n\t\t<\/div>\n\t\t\t\t\t\t\t<\/div>\n\t\t<\/section>\n\t\t\t\t\t\t\t<\/div>\n\t\t","protected":false},"excerpt":{"rendered":"<p>Video Wall \u00bfQu\u00e9 es un video wall? Un video wall, esta configuraci\u00f3n especial de pantallas o monitores profesionales que se sincronizan para mostrar contenido y [&hellip;]<\/p>\n","protected":false},"author":1,"featured_media":1169,"parent":0,"menu_order":0,"comment_status":"closed","ping_status":"closed","template":"page-templates\/page_front-page.php","meta":{"footnotes":""},"class_list":["post-1168","page","type-page","status-publish","has-post-thumbnail","hentry"],"yoast_head":"<!-- This site is optimized with the Yoast SEO plugin v19.7.1 - https:\/\/yoast.com\/wordpress\/plugins\/seo\/ -->\n<title>Video Wall<\/title>\n<meta name=\"description\" content=\"Pantallas video wall profesionales sincronizadas para mostrar contenido, las cuales pueden ser instaladas de forma sim\u00e9tricas y asim\u00e9tricas.\" \/>\n<meta name=\"robots\" content=\"index, follow, max-snippet:-1, max-image-preview:large, max-video-preview:-1\" \/>\n<link rel=\"canonical\" href=\"https:\/\/tecnoactive.cl\/CarteleriaDigital\/video-wall\/\" \/>\n<meta property=\"og:locale\" content=\"es_ES\" \/>\n<meta property=\"og:type\" content=\"article\" \/>\n<meta property=\"og:title\" content=\"Video Wall\" \/>\n<meta property=\"og:description\" content=\"Pantallas video wall profesionales sincronizadas para mostrar contenido, las cuales pueden ser instaladas de forma sim\u00e9tricas y asim\u00e9tricas.\" \/>\n<meta property=\"og:url\" content=\"https:\/\/tecnoactive.cl\/CarteleriaDigital\/video-wall\/\" \/>\n<meta property=\"og:site_name\" content=\"Te transportamos a la era digital\" \/>\n<meta property=\"article:publisher\" content=\"https:\/\/www.facebook.com\/tecnoactive\/\" \/>\n<meta property=\"article:modified_time\" content=\"2022-09-20T19:44:21+00:00\" \/>\n<meta property=\"og:image\" content=\"https:\/\/tecnoactive.cl\/CarteleriaDigital\/wp-content\/uploads\/2022\/03\/Video-Wall.png\" \/>\n\t<meta property=\"og:image:width\" content=\"1080\" \/>\n\t<meta property=\"og:image:height\" content=\"1080\" \/>\n\t<meta property=\"og:image:type\" content=\"image\/png\" \/>\n<meta name=\"twitter:card\" content=\"summary_large_image\" \/>\n<meta name=\"twitter:label1\" content=\"Tiempo de lectura\" \/>\n\t<meta name=\"twitter:data1\" content=\"1 minuto\" \/>\n<script type=\"application\/ld+json\" class=\"yoast-schema-graph\">{\"@context\":\"https:\/\/schema.org\",\"@graph\":[{\"@type\":\"WebPage\",\"@id\":\"https:\/\/tecnoactive.cl\/CarteleriaDigital\/video-wall\/\",\"url\":\"https:\/\/tecnoactive.cl\/CarteleriaDigital\/video-wall\/\",\"name\":\"Video Wall\",\"isPartOf\":{\"@id\":\"https:\/\/tecnoactive.cl\/CarteleriaDigital\/#website\"},\"datePublished\":\"2022-03-02T21:32:48+00:00\",\"dateModified\":\"2022-09-20T19:44:21+00:00\",\"description\":\"Pantallas video wall profesionales sincronizadas para mostrar contenido, las cuales pueden ser instaladas de forma sim\u00e9tricas y asim\u00e9tricas.\",\"breadcrumb\":{\"@id\":\"https:\/\/tecnoactive.cl\/CarteleriaDigital\/video-wall\/#breadcrumb\"},\"inLanguage\":\"es\",\"potentialAction\":[{\"@type\":\"ReadAction\",\"target\":[\"https:\/\/tecnoactive.cl\/CarteleriaDigital\/video-wall\/\"]}]},{\"@type\":\"BreadcrumbList\",\"@id\":\"https:\/\/tecnoactive.cl\/CarteleriaDigital\/video-wall\/#breadcrumb\",\"itemListElement\":[{\"@type\":\"ListItem\",\"position\":1,\"name\":\"Home\",\"item\":\"https:\/\/tecnoactive.cl\/CarteleriaDigital\/\"},{\"@type\":\"ListItem\",\"position\":2,\"name\":\"Video Wall\"}]},{\"@type\":\"WebSite\",\"@id\":\"https:\/\/tecnoactive.cl\/CarteleriaDigital\/#website\",\"url\":\"https:\/\/tecnoactive.cl\/CarteleriaDigital\/\",\"name\":\"Te transportamos a la era digital\",\"description\":\"Soluciones integrales Digitales con diversas tecnolog\u00edas en pantallas led, proyectores, paneles t\u00e1ctiles, video wall,  t\u00f3tems o mobile mockup.  A trav\u00e9s de Carteler\u00eda Digital, Diario Mural Corporativo Digital, Marketing Interactivo.\",\"publisher\":{\"@id\":\"https:\/\/tecnoactive.cl\/CarteleriaDigital\/#organization\"},\"potentialAction\":[{\"@type\":\"SearchAction\",\"target\":{\"@type\":\"EntryPoint\",\"urlTemplate\":\"https:\/\/tecnoactive.cl\/CarteleriaDigital\/?s={search_term_string}\"},\"query-input\":\"required name=search_term_string\"}],\"inLanguage\":\"es\"},{\"@type\":\"Organization\",\"@id\":\"https:\/\/tecnoactive.cl\/CarteleriaDigital\/#organization\",\"name\":\"Tecnoactive\",\"url\":\"https:\/\/tecnoactive.cl\/CarteleriaDigital\/\",\"sameAs\":[\"https:\/\/www.instagram.com\/tecnoactive_digital\/?utm_medium=copy_link\",\"https:\/\/www.linkedin.com\/company\/34222828\/admin\/\",\"https:\/\/www.youtube.com\/channel\/UCsrJ1X2Zi0Okt41FpgtkuzQ\",\"https:\/\/www.facebook.com\/tecnoactive\/\"],\"logo\":{\"@type\":\"ImageObject\",\"inLanguage\":\"es\",\"@id\":\"https:\/\/tecnoactive.cl\/CarteleriaDigital\/#\/schema\/logo\/image\/\",\"url\":\"https:\/\/tecnoactive.cl\/wordpress\/wp-content\/uploads\/2022\/02\/cropped-LOGO_color-FULL.png\",\"contentUrl\":\"https:\/\/tecnoactive.cl\/wordpress\/wp-content\/uploads\/2022\/02\/cropped-LOGO_color-FULL.png\",\"width\":1471,\"height\":260,\"caption\":\"Tecnoactive\"},\"image\":{\"@id\":\"https:\/\/tecnoactive.cl\/CarteleriaDigital\/#\/schema\/logo\/image\/\"}}]}<\/script>\n<!-- \/ Yoast SEO plugin. -->","yoast_head_json":{"title":"Video Wall","description":"Pantallas video wall profesionales sincronizadas para mostrar contenido, las cuales pueden ser instaladas de forma sim\u00e9tricas y asim\u00e9tricas.","robots":{"index":"index","follow":"follow","max-snippet":"max-snippet:-1","max-image-preview":"max-image-preview:large","max-video-preview":"max-video-preview:-1"},"canonical":"https:\/\/tecnoactive.cl\/CarteleriaDigital\/video-wall\/","og_locale":"es_ES","og_type":"article","og_title":"Video Wall","og_description":"Pantallas video wall profesionales sincronizadas para mostrar contenido, las cuales pueden ser instaladas de forma sim\u00e9tricas y asim\u00e9tricas.","og_url":"https:\/\/tecnoactive.cl\/CarteleriaDigital\/video-wall\/","og_site_name":"Te transportamos a la era digital","article_publisher":"https:\/\/www.facebook.com\/tecnoactive\/","article_modified_time":"2022-09-20T19:44:21+00:00","og_image":[{"width":1080,"height":1080,"url":"https:\/\/tecnoactive.cl\/CarteleriaDigital\/wp-content\/uploads\/2022\/03\/Video-Wall.png","type":"image\/png"}],"twitter_card":"summary_large_image","twitter_misc":{"Tiempo de lectura":"1 minuto"},"schema":{"@context":"https:\/\/schema.org","@graph":[{"@type":"WebPage","@id":"https:\/\/tecnoactive.cl\/CarteleriaDigital\/video-wall\/","url":"https:\/\/tecnoactive.cl\/CarteleriaDigital\/video-wall\/","name":"Video Wall","isPartOf":{"@id":"https:\/\/tecnoactive.cl\/CarteleriaDigital\/#website"},"datePublished":"2022-03-02T21:32:48+00:00","dateModified":"2022-09-20T19:44:21+00:00","description":"Pantallas video wall profesionales sincronizadas para mostrar contenido, las cuales pueden ser instaladas de forma sim\u00e9tricas y asim\u00e9tricas.","breadcrumb":{"@id":"https:\/\/tecnoactive.cl\/CarteleriaDigital\/video-wall\/#breadcrumb"},"inLanguage":"es","potentialAction":[{"@type":"ReadAction","target":["https:\/\/tecnoactive.cl\/CarteleriaDigital\/video-wall\/"]}]},{"@type":"BreadcrumbList","@id":"https:\/\/tecnoactive.cl\/CarteleriaDigital\/video-wall\/#breadcrumb","itemListElement":[{"@type":"ListItem","position":1,"name":"Home","item":"https:\/\/tecnoactive.cl\/CarteleriaDigital\/"},{"@type":"ListItem","position":2,"name":"Video Wall"}]},{"@type":"WebSite","@id":"https:\/\/tecnoactive.cl\/CarteleriaDigital\/#website","url":"https:\/\/tecnoactive.cl\/CarteleriaDigital\/","name":"Te transportamos a la era digital","description":"Soluciones integrales Digitales con diversas tecnolog\u00edas en pantallas led, proyectores, paneles t\u00e1ctiles, video wall,  t\u00f3tems o mobile mockup.  A trav\u00e9s de Carteler\u00eda Digital, Diario Mural Corporativo Digital, Marketing Interactivo.","publisher":{"@id":"https:\/\/tecnoactive.cl\/CarteleriaDigital\/#organization"},"potentialAction":[{"@type":"SearchAction","target":{"@type":"EntryPoint","urlTemplate":"https:\/\/tecnoactive.cl\/CarteleriaDigital\/?s={search_term_string}"},"query-input":"required name=search_term_string"}],"inLanguage":"es"},{"@type":"Organization","@id":"https:\/\/tecnoactive.cl\/CarteleriaDigital\/#organization","name":"Tecnoactive","url":"https:\/\/tecnoactive.cl\/CarteleriaDigital\/","sameAs":["https:\/\/www.instagram.com\/tecnoactive_digital\/?utm_medium=copy_link","https:\/\/www.linkedin.com\/company\/34222828\/admin\/","https:\/\/www.youtube.com\/channel\/UCsrJ1X2Zi0Okt41FpgtkuzQ","https:\/\/www.facebook.com\/tecnoactive\/"],"logo":{"@type":"ImageObject","inLanguage":"es","@id":"https:\/\/tecnoactive.cl\/CarteleriaDigital\/#\/schema\/logo\/image\/","url":"https:\/\/tecnoactive.cl\/wordpress\/wp-content\/uploads\/2022\/02\/cropped-LOGO_color-FULL.png","contentUrl":"https:\/\/tecnoactive.cl\/wordpress\/wp-content\/uploads\/2022\/02\/cropped-LOGO_color-FULL.png","width":1471,"height":260,"caption":"Tecnoactive"},"image":{"@id":"https:\/\/tecnoactive.cl\/CarteleriaDigital\/#\/schema\/logo\/image\/"}}]}},"_links":{"self":[{"href":"https:\/\/tecnoactive.cl\/CarteleriaDigital\/wp-json\/wp\/v2\/pages\/1168","targetHints":{"allow":["GET"]}}],"collection":[{"href":"https:\/\/tecnoactive.cl\/CarteleriaDigital\/wp-json\/wp\/v2\/pages"}],"about":[{"href":"https:\/\/tecnoactive.cl\/CarteleriaDigital\/wp-json\/wp\/v2\/types\/page"}],"author":[{"embeddable":true,"href":"https:\/\/tecnoactive.cl\/CarteleriaDigital\/wp-json\/wp\/v2\/users\/1"}],"replies":[{"embeddable":true,"href":"https:\/\/tecnoactive.cl\/CarteleriaDigital\/wp-json\/wp\/v2\/comments?post=1168"}],"version-history":[{"count":81,"href":"https:\/\/tecnoactive.cl\/CarteleriaDigital\/wp-json\/wp\/v2\/pages\/1168\/revisions"}],"predecessor-version":[{"id":2529,"href":"https:\/\/tecnoactive.cl\/CarteleriaDigital\/wp-json\/wp\/v2\/pages\/1168\/revisions\/2529"}],"wp:featuredmedia":[{"embeddable":true,"href":"https:\/\/tecnoactive.cl\/CarteleriaDigital\/wp-json\/wp\/v2\/media\/1169"}],"wp:attachment":[{"href":"https:\/\/tecnoactive.cl\/CarteleriaDigital\/wp-json\/wp\/v2\/media?parent=1168"}],"curies":[{"name":"wp","href":"https:\/\/api.w.org\/{rel}","templated":true}]}}